{"id":206,"date":"2014-06-09T09:19:06","date_gmt":"2014-06-09T09:19:06","guid":{"rendered":"http:\/\/splet.co\/?page_id=206"},"modified":"2015-11-04T09:10:20","modified_gmt":"2015-11-04T09:10:20","slug":"cenik","status":"publish","type":"page","link":"http:\/\/splet.co\/?page_id=206","title":{"rendered":"Cenik"},"content":{"rendered":"<div class=\"et_pb_section et_section_regular\" style='background-color:#15b0bf;'>\n\t\t\t\n\t\t\t\n\t\t\t\t\n\t\t\t\t<div class=\"et_pb_row\">\n\t\t\t<div class=\"et_pb_column et_pb_column_4_4\">\n\t\t\t<div class=\"et_pb_pricing clearfix et_pb_pricing_3\">\n\t\t\t<div class=\"et_pb_pricing_table\">\n\t\t\t<div class=\"et_pb_pricing_heading\">\n\t\t\t\t<h2 class=\"et_pb_pricing_title\">Namestitev WordPressa<\/h2>\n\t\t\t\t<span class=\"et_pb_best_value\">na voljo \u017ee od<\/span>\n\t\t\t<\/div> <!-- .et_pb_pricing_heading -->\n\t\t\t<div class=\"et_pb_pricing_content_top\">\n\t\t\t\t<span class=\"et_pb_et_price\"><span class=\"et_pb_dollar_sign\">EUR<\/span><span class=\"et_pb_sum\">195<\/span><\/span>\n\t\t\t<\/div> <!-- .et_pb_pricing_content_top -->\n\t\t\t<div class=\"et_pb_pricing_content\">\n\t\t\t\t<ul class=\"et_pb_pricing\">\n\t\t\t\t\t<li>Postavitev WORDPRESSa na lastni domeni in stre\u017eniku z neomejenim dostopom, brez oblikovanja in vnosa vsebin.<\/li>\n\t\t\t\t<\/ul>\n\t\t\t<\/div> <!-- .et_pb_pricing_content -->\n\t\t\t<a class=\"et_pb_pricing_table_button\" href=\"http:\/\/splet.co\/?page_id=2\">PODROBNOSTI<\/a>\n\t\t<\/div><div class=\"et_pb_pricing_table\">\n\t\t\t<div class=\"et_pb_pricing_heading\">\n\t\t\t\t<h2 class=\"et_pb_pricing_title\">Izdelava spletne strani<\/h2>\n\t\t\t\t<span class=\"et_pb_best_value\">na voljo \u017ee od<\/span>\n\t\t\t<\/div> <!-- .et_pb_pricing_heading -->\n\t\t\t<div class=\"et_pb_pricing_content_top\">\n\t\t\t\t<span class=\"et_pb_et_price\"><span class=\"et_pb_dollar_sign\">EUR<\/span><span class=\"et_pb_sum\">550<\/span><\/span>\n\t\t\t<\/div> <!-- .et_pb_pricing_content_top -->\n\t\t\t<div class=\"et_pb_pricing_content\">\n\t\t\t\t<ul class=\"et_pb_pricing\">\n\t\t\t\t\t<li>Izdelava spletne\u00a0strani na WordPressu z osnovnimi konfiguracijami.<\/li><li>Prilagoditev oblikovanja (do 10 ur)<\/li><li>Vnos za\u010detnih vsebin (do 10 strani)<\/li>\n\t\t\t\t<\/ul>\n\t\t\t<\/div> <!-- .et_pb_pricing_content -->\n\t\t\t<a class=\"et_pb_pricing_table_button\" href=\"http:\/\/splet.co\/?page_id=22\">PODROBNOSTI<\/a>\n\t\t<\/div><div class=\"et_pb_pricing_table\">\n\t\t\t<div class=\"et_pb_pricing_heading\">\n\t\t\t\t<h2 class=\"et_pb_pricing_title\">Re\u0161itve po meri<\/h2>\n\t\t\t\t<span class=\"et_pb_best_value\">oblikovanje in programiranje<\/span>\n\t\t\t<\/div> <!-- .et_pb_pricing_heading -->\n\t\t\t<div class=\"et_pb_pricing_content_top\">\n\t\t\t\t<span class=\"et_pb_et_price\"><span class=\"et_pb_dollar_sign\">EUR<\/span><span class=\"et_pb_sum\">39<\/span>\/uro<\/span>\n\t\t\t<\/div> <!-- .et_pb_pricing_content_top -->\n\t\t\t<div class=\"et_pb_pricing_content\">\n\t\t\t\t<ul class=\"et_pb_pricing\">\n\t\t\t\t\t<li>Nudimo strokovno in tehni\u010dno pomo\u010d pri izvedbi zahtevnej\u0161ih spletnih projektov.<\/li>\n\t\t\t\t<\/ul>\n\t\t\t<\/div> <!-- .et_pb_pricing_content -->\n\t\t\t<a class=\"et_pb_pricing_table_button\" href=\"http:\/\/splet.co\/?page_id=22\">Kontakt<\/a>\n\t\t<\/div>\n\t\t<\/div>\n\t\t<\/div> <!-- .et_pb_column -->\n\t\t<\/div> <!-- .et_pb_row -->\n\t\t\t\n\t\t<\/div> <!-- .et_pb_section -->\n","protected":false},"excerpt":{"rendered":"","protected":false},"author":2,"featured_media":0,"parent":0,"menu_order":0,"comment_status":"open","ping_status":"open","template":"","meta":{"footnotes":""},"class_list":["post-206","page","type-page","status-publish","hentry"],"_links":{"self":[{"href":"http:\/\/splet.co\/index.php?rest_route=\/wp\/v2\/pages\/206","targetHints":{"allow":["GET"]}}],"collection":[{"href":"http:\/\/splet.co\/index.php?rest_route=\/wp\/v2\/pages"}],"about":[{"href":"http:\/\/splet.co\/index.php?rest_route=\/wp\/v2\/types\/page"}],"author":[{"embeddable":true,"href":"http:\/\/splet.co\/index.php?rest_route=\/wp\/v2\/users\/2"}],"replies":[{"embeddable":true,"href":"http:\/\/splet.co\/index.php?rest_route=%2Fwp%2Fv2%2Fcomments&post=206"}],"version-history":[{"count":16,"href":"http:\/\/splet.co\/index.php?rest_route=\/wp\/v2\/pages\/206\/revisions"}],"predecessor-version":[{"id":462,"href":"http:\/\/splet.co\/index.php?rest_route=\/wp\/v2\/pages\/206\/revisions\/462"}],"wp:attachment":[{"href":"http:\/\/splet.co\/index.php?rest_route=%2Fwp%2Fv2%2Fmedia&parent=206"}],"curies":[{"name":"wp","href":"https:\/\/api.w.org\/{rel}","templated":true}]}}