{"id":22,"date":"2014-05-24T10:58:48","date_gmt":"2014-05-24T10:58:48","guid":{"rendered":"http:\/\/splet.co\/?page_id=22"},"modified":"2015-11-04T08:34:21","modified_gmt":"2015-11-04T08:34:21","slug":"22-2","status":"publish","type":"page","link":"http:\/\/splet.co\/","title":{"rendered":"Izdelava spletnih strani"},"content":{"rendered":"<p><div class=\"et_pb_section et_section_regular\" style='background-color:#ccc9b7;'>\n\t\t\t\n\t\t\t\n\t\t\t\t\n\t\t\t\t<div class=\"et_pb_row\">\n\t\t\t<div class=\"et_pb_column et_pb_column_4_4\">\n\t\t\t<img decoding=\"async\" src=\"http:\/\/splet.co\/wp-content\/uploads\/2014\/05\/izdelava-spletnih-strani.png\" alt=\"\" class=\"et-waypoint et_pb_image et_pb_animation_off\" \/>\n\t\t<\/div> <!-- .et_pb_column -->\n\t\t<\/div> <!-- .et_pb_row -->\n\t\t\t\n\t\t<\/div> <!-- .et_pb_section --><div class=\"et_pb_section et_section_regular\" style='background-color:#15b0bf;'>\n\t\t\t\n\t\t\t\n\t\t\t\t\n\t\t\t\t<div class=\"et_pb_row\">\n\t\t\t<div class=\"et_pb_column et_pb_column_4_4\">\n\t\t\t<div class=\"et_pb_text et_pb_bg_layout_dark et_pb_text_align_center\">\n\t\t\t\n<h1>Vrhunske <strong>SPLETNE STRANI<\/strong> hitro, ugodno<\/h1>\n<h1>in brez omejitev!<\/h1>\n\n\t\t<\/div> <!-- .et_pb_text -->\n\t\t<\/div> <!-- .et_pb_column -->\n\t\t<\/div> <!-- .et_pb_row -->\n\t\t\t\n\t\t<\/div> <!-- .et_pb_section --><div class=\"et_pb_section et_section_regular\">\n\t\t\t\n\t\t\t\n\t\t\t\t\n\t\t\t\t<div class=\"et_pb_row\">\n\t\t\t<div class=\"et_pb_column et_pb_column_1_3\">\n\t\t\t<div class=\"et_pb_text et_pb_bg_layout_light et_pb_text_align_left\">\n\t\t\t\n<h3>PREGLEDNOST &amp; SODOBNI DIZAJN<\/h3>\n\n\t\t<\/div> <!-- .et_pb_text -->\n\t\t<\/div> <!-- .et_pb_column --><div class=\"et_pb_column et_pb_column_2_3\">\n\t\t\t<div class=\"et_pb_text et_pb_bg_layout_light et_pb_text_align_left\">\n\t\t\t\n<p>Od nas pri\u010dakujte sodobne, pregledne in odzivne dizajne, ki se prilagajajo razli\u010dnim velikostim zaslonov.<\/p>\n\n\t\t<\/div> <!-- .et_pb_text -->\n\t\t<\/div> <!-- .et_pb_column -->\n\t\t<\/div> <!-- .et_pb_row --><div class=\"et_pb_row\">\n\t\t\t<div class=\"et_pb_column et_pb_column_1_3\">\n\t\t\t<div class=\"et_pb_text et_pb_bg_layout_light et_pb_text_align_left\">\n\t\t\t\n<h3>PRIJAZNOST &amp; ENOSTAVNO UREJANJE<\/h3>\n\n\t\t<\/div> <!-- .et_pb_text -->\n\t\t<\/div> <!-- .et_pb_column --><div class=\"et_pb_column et_pb_column_2_3\">\n\t\t\t<div class=\"et_pb_text et_pb_bg_layout_light et_pb_text_align_left\">\n\t\t\t\n<p>Spletne strani so prijazne uporabnikom, urednikom in iskalnikom. Urejanje je enostavno in ne zahteva tehni\u010dnega znanja.<\/p>\n\n\t\t<\/div> <!-- .et_pb_text -->\n\t\t<\/div> <!-- .et_pb_column -->\n\t\t<\/div> <!-- .et_pb_row --><div class=\"et_pb_row\">\n\t\t\t<div class=\"et_pb_column et_pb_column_1_3\">\n\t\t\t<div class=\"et_pb_text et_pb_bg_layout_light et_pb_text_align_left\">\n\t\t\t\n<h3>KAKOVOST &amp; DOSTOPNOST<\/h3>\n\n\t\t<\/div> <!-- .et_pb_text -->\n\t\t<\/div> <!-- .et_pb_column --><div class=\"et_pb_column et_pb_column_2_3\">\n\t\t\t<div class=\"et_pb_text et_pb_bg_layout_light et_pb_text_align_left\">\n\t\t\t\n<p>Ponujamo\u00a0re\u0161itve, ki so prilagojene potrebam na\u0161ih naro\u010dnikov, saj je pri nas kvaliteta vedno na prvem mestu.<\/p>\n\n\t\t<\/div> <!-- .et_pb_text -->\n\t\t<\/div> <!-- .et_pb_column -->\n\t\t<\/div> <!-- .et_pb_row --><div class=\"et_pb_row\">\n\t\t\t<div class=\"et_pb_column et_pb_column_1_3\">\n\t\t\t<div class=\"et_pb_text et_pb_bg_layout_light et_pb_text_align_left\">\n\t\t\t\n<h3>FLEKSIBILNOST &amp; NADGRADLJIVOST<\/h3>\n\n\t\t<\/div> <!-- .et_pb_text -->\n\t\t<\/div> <!-- .et_pb_column --><div class=\"et_pb_column et_pb_column_2_3\">\n\t\t\t<div class=\"et_pb_text et_pb_bg_layout_light et_pb_text_align_left\">\n\t\t\tNa voljo so \u0161tevilne funkcionalnosti, ki jih lahko vgradimo v va\u0161o spletno stran tudi ko je \u017ee ta postavljena.\n\t\t<\/div> <!-- .et_pb_text -->\n\t\t<\/div> <!-- .et_pb_column -->\n\t\t<\/div> <!-- .et_pb_row -->\n\t\t\t\n\t\t<\/div> <!-- .et_pb_section --><div class=\"et_pb_section et_section_regular\" style='background-color:#ccc9b7;'>\n\t\t\t\n\t\t\t\n\t\t\t\t\n\t\t\t\t<div class=\"et_pb_row\">\n\t\t\t<div class=\"et_pb_column et_pb_column_1_4\">\n\t\t\t<img decoding=\"async\" src=\"http:\/\/splet.co\/wp-content\/uploads\/2014\/05\/wordpress.png\" alt=\"\" class=\"et-waypoint et_pb_image et_pb_animation_top\" \/>\n\t\t<\/div> <!-- .et_pb_column --><div class=\"et_pb_column et_pb_column_1_4\">\n\t\t\t<img decoding=\"async\" src=\"http:\/\/splet.co\/wp-content\/uploads\/2014\/05\/woocommerce.png\" alt=\"\" class=\"et-waypoint et_pb_image et_pb_animation_top\" \/>\n\t\t<\/div> <!-- .et_pb_column --><div class=\"et_pb_column et_pb_column_1_4\">\n\t\t\t<img decoding=\"async\" src=\"http:\/\/splet.co\/wp-content\/uploads\/2014\/05\/mailchimp.png\" alt=\"\" class=\"et-waypoint et_pb_image et_pb_animation_top\" \/>\n\t\t<\/div> <!-- .et_pb_column --><div class=\"et_pb_column et_pb_column_1_4\">\n\t\t\t<img decoding=\"async\" src=\"http:\/\/splet.co\/wp-content\/uploads\/2014\/05\/vc_logo.png\" alt=\"\" class=\"et-waypoint et_pb_image et_pb_animation_left\" \/>\n\t\t<\/div> <!-- .et_pb_column -->\n\t\t<\/div> <!-- .et_pb_row -->\n\t\t\t\n\t\t<\/div> <!-- .et_pb_section --><div class=\"et_pb_section et_section_regular\" style='background-color:#0e303f;'>\n\t\t\t\n\t\t\t\n\t\t\t\t\n\t\t\t\t<div class=\"et_pb_row\">\n\t\t\t<div class=\"et_pb_column et_pb_column_2_3\">\n\t\t\t<div class=\"et_pb_text et_pb_bg_layout_dark et_pb_text_align_left\">\n\t\t\t\n<h2>KDO SMO?<\/h2>\n\n\t\t<\/div> <!-- .et_pb_text --><div class=\"et_pb_text et_pb_bg_layout_dark et_pb_text_align_left\">\n\t\t\t\n<p>Smo majhna ekipa izku\u0161enih spletnih oblikovalcev in razvijalcev, ki smo se v zadnjih petih letih specilizirali za WordPress. Z njim ustvarjamo estetske in funkcionalne spletne strani, ki ustrezajo spletnim standardom ter se prilagajajo razli\u010dnim velikostim zaslonov.<\/p>\n<p>Na\u0161 cilj je omogo\u010diti dostop do vrhunskih in sodobnih strani, ki so prilagojene potrebam na\u0161ih naro\u010dnikov ter prijazne tako uporabnikom, kakor tudi iskalnikom. Smo vedno polni idej in pripravljeni, da va\u0161e spletne izzive spremenimo v poslovni uspeh!<\/p>\n<p>&nbsp;<\/p>\n<p><a href=\"http:\/\/splet.co\/?page_id=2\">Pi\u0161ite nam!<\/a><\/p>\n\n\t\t<\/div> <!-- .et_pb_text -->\n\t\t<\/div> <!-- .et_pb_column --><div class=\"et_pb_column et_pb_column_1_3\">\n\t\t\t<img decoding=\"async\" src=\"http:\/\/splet.co\/wp-content\/uploads\/2014\/05\/spletco-ekipa.png\" alt=\"\" class=\"et-waypoint et_pb_image et_pb_animation_left\" \/>\n\t\t<\/div> <!-- .et_pb_column -->\n\t\t<\/div> <!-- .et_pb_row -->\n\t\t\t\n\t\t<\/div> <!-- .et_pb_section --><div class=\"et_pb_section et_section_regular\">\n\t\t\t\n\t\t\t\n\t\t\t\t\n\t\t\t\t<div class=\"et_pb_row\">\n\t\t\t<div class=\"et_pb_column et_pb_column_1_3\">\n\t\t\t<img decoding=\"async\" src=\"http:\/\/splet.co\/wp-content\/uploads\/2014\/05\/bkd.jpg\" alt=\"\" class=\"et-waypoint et_pb_image et_pb_animation_left\" \/>\n\t\t<\/div> <!-- .et_pb_column --><div class=\"et_pb_column et_pb_column_1_3\">\n\t\t\t<img decoding=\"async\" src=\"http:\/\/splet.co\/wp-content\/uploads\/2014\/05\/csd.jpg\" alt=\"\" class=\"et-waypoint et_pb_image et_pb_animation_left\" \/>\n\t\t<\/div> <!-- .et_pb_column --><div class=\"et_pb_column et_pb_column_1_3\">\n\t\t\t<img decoding=\"async\" src=\"http:\/\/splet.co\/wp-content\/uploads\/2014\/05\/spletnastran-sarabee.jpg\" alt=\"\" class=\"et-waypoint et_pb_image et_pb_animation_left\" \/>\n\t\t<\/div> <!-- .et_pb_column -->\n\t\t<\/div> <!-- .et_pb_row --><div class=\"et_pb_row\">\n\t\t\t<div class=\"et_pb_column et_pb_column_1_2\">\n\t\t\t<div class=\"et_pb_testimonial et_pb_testimonial_no_image et_pb_bg_layout_light et_pb_text_align_left clearfix\" style=\"background-color: #f5f5f5;\">\n\t\t\t\n\t\t\t<div class=\"et_pb_testimonial_description\">\n\t\t\t\t\n<p id=\"quote\">Tudi ko po enem letu pogledam svojo spletno stran, mi je stra\u0161no v\u0161e\u010d. Prav ni\u010d ne bi spremenila na njej,<\/p>\n\n\t\t\t\t<strong class=\"et_pb_testimonial_author\">Sara Petrov\u010di\u010d<\/strong>\n\t\t\t\t<p class=\"et_pb_testimonial_meta\"><\/p>\n\t\t\t<\/div> <!-- .et_pb_testimonial_description -->\n\t\t<\/div> <!-- .et_pb_testimonial -->\n\t\t<\/div> <!-- .et_pb_column --><div class=\"et_pb_column et_pb_column_1_2\">\n\t\t\t<div class=\"et_pb_testimonial et_pb_bg_layout_light et_pb_text_align_left clearfix\" style=\"background-color: #f5f5f5;\">\n\t\t\t<div class=\"et_pb_testimonial_portrait\" style=\"background-image: url(http:\/\/splet.co\/wp-content\/uploads\/2014\/05\/transparent-logo-podzavest.png);\">\n\t\t\t<\/div>\n\t\t\t<div class=\"et_pb_testimonial_description\">\n\t\t\t\t\n<div class=\"mnenje\">\n<p id=\"quote\">Zelo sem zadovoljen s stranjo. Tudi oblikovanje mi je zalo v\u0161e\u010d. Sem dobil veliko ve\u010d, kot sem pri\u010dakoval.<\/p>\n<\/div>\n\n\t\t\t\t<strong class=\"et_pb_testimonial_author\">Jozsef Varga<\/strong>\n\t\t\t\t<p class=\"et_pb_testimonial_meta\"><\/p>\n\t\t\t<\/div> <!-- .et_pb_testimonial_description -->\n\t\t<\/div> <!-- .et_pb_testimonial -->\n\t\t<\/div> <!-- .et_pb_column -->\n\t\t<\/div> <!-- .et_pb_row -->\n\t\t\t\n\t\t<\/div> <!-- .et_pb_section --><div class=\"et_pb_section et_section_regular\" style='background-color:#93c054;'>\n\t\t\t\n\t\t\t\n\t\t\t\t\n\t\t\t\t<div class=\"et_pb_row\">\n\t\t\t<div class=\"et_pb_column et_pb_column_4_4\">\n\t\t\t<div class=\"et_pb_promo et_pb_bg_layout_dark et_pb_text_align_center et_pb_no_bg\">\n\t\t\t<div class=\"et_pb_promo_description\">\n\t\t\t\t<h2>PREPRI\u010cAJTE SE TUDI VI!<\/h2>\n\t\t\t\t\n<p>Oglejte si na\u0161o ponudbo in postanite lastnik profesionalne spletne strani.<\/p>\n\n\t\t\t<\/div>\n\t\t\t<a class=\"et_pb_promo_button\" href=\"http:\/\/splet.co\/?page_id=22\">VE\u010c!<\/a>\n\t\t<\/div>\n\t\t<\/div> <!-- .et_pb_column -->\n\t\t<\/div> <!-- .et_pb_row -->\n\t\t\t\n\t\t<\/div> <!-- .et_pb_section --><\/p>\n","protected":false},"excerpt":{"rendered":"","protected":false},"author":2,"featured_media":0,"parent":0,"menu_order":0,"comment_status":"open","ping_status":"open","template":"","meta":{"footnotes":""},"class_list":["post-22","page","type-page","status-publish","hentry"],"_links":{"self":[{"href":"http:\/\/splet.co\/index.php?rest_route=\/wp\/v2\/pages\/22","targetHints":{"allow":["GET"]}}],"collection":[{"href":"http:\/\/splet.co\/index.php?rest_route=\/wp\/v2\/pages"}],"about":[{"href":"http:\/\/splet.co\/index.php?rest_route=\/wp\/v2\/types\/page"}],"author":[{"embeddable":true,"href":"http:\/\/splet.co\/index.php?rest_route=\/wp\/v2\/users\/2"}],"replies":[{"embeddable":true,"href":"http:\/\/splet.co\/index.php?rest_route=%2Fwp%2Fv2%2Fcomments&post=22"}],"version-history":[{"count":149,"href":"http:\/\/splet.co\/index.php?rest_route=\/wp\/v2\/pages\/22\/revisions"}],"predecessor-version":[{"id":454,"href":"http:\/\/splet.co\/index.php?rest_route=\/wp\/v2\/pages\/22\/revisions\/454"}],"wp:attachment":[{"href":"http:\/\/splet.co\/index.php?rest_route=%2Fwp%2Fv2%2Fmedia&parent=22"}],"curies":[{"name":"wp","href":"https:\/\/api.w.org\/{rel}","templated":true}]}}